{"id":1195,"date":"2026-02-18T15:17:40","date_gmt":"2026-02-18T14:17:40","guid":{"rendered":"https:\/\/alphabet-igny.fr\/?page_id=1195"},"modified":"2026-02-18T15:26:15","modified_gmt":"2026-02-18T14:26:15","slug":"vie-de-lassociation-janv-2026","status":"publish","type":"page","link":"https:\/\/alphabet-igny.fr\/?page_id=1195","title":{"rendered":"Vie de l&rsquo;association &#8212; janv 2026"},"content":{"rendered":"\n<p>La communication, l\u2019entraide et le partage sont les ma\u00eetres-mots pour Alphabet-Igny.<\/p>\n\n\n\n<h2 class=\"wp-block-heading\">L\u2019association en quelques chiffres<\/h2>\n\n\n\n<p>&#8211;<strong>Nombre de b\u00e9n\u00e9voles (enseignants, \u00e9crivains publics)<\/strong><br>&#8211;<strong>Nombre d\u2019\u00e9l\u00e8ves inscrits dans l\u2019ann\u00e9e<\/strong><br>&#8211;<strong>Heures d\u2019activit\u00e9s : nombre d\u2019heures effectu\u00e9es par les b\u00e9n\u00e9voles (enseignants, \u00e9crivains publics, fonctionnement)<\/strong><\/p>\n\n\n\n<div class=\"wp-block-columns are-vertically-aligned-top is-layout-flex wp-container-core-columns-is-layout-9d6595d7 wp-block-columns-is-layout-flex\">\n<div class=\"wp-block-column is-vertically-aligned-top is-layout-flow wp-block-column-is-layout-flow\">\n<figure class=\"wp-block-image size-large\"><img loading=\"lazy\" decoding=\"async\" width=\"1024\" height=\"576\" src=\"https:\/\/alphabet-igny.fr\/wp-content\/uploads\/2025\/09\/alphaweb-1-1024x576.jpg\" alt=\"\" class=\"wp-image-1181\" srcset=\"https:\/\/alphabet-igny.fr\/wp-content\/uploads\/2025\/09\/alphaweb-1-1024x576.jpg 1024w, https:\/\/alphabet-igny.fr\/wp-content\/uploads\/2025\/09\/alphaweb-1-300x169.jpg 300w, https:\/\/alphabet-igny.fr\/wp-content\/uploads\/2025\/09\/alphaweb-1-768x432.jpg 768w, https:\/\/alphabet-igny.fr\/wp-content\/uploads\/2025\/09\/alphaweb-1-1x1.jpg 1w, https:\/\/alphabet-igny.fr\/wp-content\/uploads\/2025\/09\/alphaweb-1.jpg 1280w\" sizes=\"auto, (max-width: 1024px) 100vw, 1024px\" \/><\/figure>\n<\/div>\n<\/div>\n\n\n\n<div class=\"wp-block-columns is-layout-flex wp-container-core-columns-is-layout-9d6595d7 wp-block-columns-is-layout-flex\">\n<div class=\"wp-block-column is-layout-flow wp-block-column-is-layout-flow\" style=\"flex-basis:100%\"><\/div>\n<\/div>\n\n\n\n<p>La progression de 2017 \u00e0 2021 a marqu\u00e9 une pause en 2021-2022 suite \u00e0 la Covid,<br>tant pour les \u00e9l\u00e8ves, les enseignants que pour les visiteurs des \u00e9crivains publics,<br>m\u00eame si toutes les protections \u00e9taient en place (masques, gel, nettoyage entre les cours\u2026)<br>2024-2025 : diminution du nombre d&rsquo;\u00e9l\u00e8ves<\/p>\n\n\n\n<p><\/p>\n\n\n\n<h2 class=\"wp-block-heading\">Les \u00e9v\u00e9nements<\/h2>\n\n\n\n<p>Plusieurs fois dans l\u2019ann\u00e9e, \u00e9tudiants et enseignants se retrouvent pour \u00e9changer en dehors des cours.<br> Ces moments sont l\u2019occasion de discuter diff\u00e9remment, d\u2019apprendre \u00e0 se  conna\u00eetre et de faire d\u00e9couvrir sa culture.<\/p>\n\n\n\n<p> Les membres de l\u2019association organisent par exemple :<\/p>\n\n\n\n<ul class=\"wp-block-list\">\n<li> Une f\u00eate en janvier o\u00f9 chacun vient avec sa famille et un plat de son pays,<\/li>\n<\/ul>\n\n\n\n<ul class=\"wp-block-list\">\n<li> Une sortie de fin d\u2019ann\u00e9e, au mois de juin, \u00e0 laquelle les familles sont invit\u00e9es : visite culturelle d\u2019un site de la r\u00e9gion<br> et pique-nique au grand air sont au programme.<\/li>\n<\/ul>\n\n\n\n<p>D\u2019autres \u00e9v\u00e8nements pourraient \u00eatre cr\u00e9\u00e9s : tenir un stand au march\u00e9 de No\u00ebl, \u2026<\/p>\n\n\n\n<figure class=\"wp-block-gallery has-nested-images columns-4 is-cropped wp-block-gallery-1 is-layout-flex wp-block-gallery-is-layout-flex\">\n<figure class=\"wp-block-image size-large\"><img loading=\"lazy\" decoding=\"async\" width=\"1024\" height=\"768\" data-id=\"1063\" src=\"http:\/\/alphabet-igny.fr\/wp-content\/uploads\/2024\/06\/20240615_111416-1024x768.jpg\" alt=\"\" class=\"wp-image-1063\" srcset=\"https:\/\/alphabet-igny.fr\/wp-content\/uploads\/2024\/06\/20240615_111416-1024x768.jpg 1024w, https:\/\/alphabet-igny.fr\/wp-content\/uploads\/2024\/06\/20240615_111416-300x225.jpg 300w, https:\/\/alphabet-igny.fr\/wp-content\/uploads\/2024\/06\/20240615_111416-768x576.jpg 768w, https:\/\/alphabet-igny.fr\/wp-content\/uploads\/2024\/06\/20240615_111416-1536x1152.jpg 1536w, https:\/\/alphabet-igny.fr\/wp-content\/uploads\/2024\/06\/20240615_111416-2048x1536.jpg 2048w, https:\/\/alphabet-igny.fr\/wp-content\/uploads\/2024\/06\/20240615_111416-1x1.jpg 1w\" sizes=\"auto, (max-width: 1024px) 100vw, 1024px\" \/><figcaption class=\"wp-element-caption\">breteuil 2024<\/figcaption><\/figure>\n\n\n\n<figure class=\"wp-block-image\"><img decoding=\"async\" data-id=\"611\" src=\"http:\/\/alphabet-igny.fr\/wp-content\/uploads\/2020\/06\/Chamarande-01-22062019-1024x768.jpg\" alt=\"\" class=\"wp-image-611\"\/><figcaption class=\"wp-element-caption\">Chamarande 2019<\/figcaption><\/figure>\n\n\n\n<figure class=\"wp-block-image size-large\"><img loading=\"lazy\" decoding=\"async\" width=\"1024\" height=\"768\" data-id=\"1197\" src=\"http:\/\/alphabet-igny.fr\/wp-content\/uploads\/2026\/02\/IMG_20260206_201800-1024x768.jpg\" alt=\"\" class=\"wp-image-1197\" srcset=\"https:\/\/alphabet-igny.fr\/wp-content\/uploads\/2026\/02\/IMG_20260206_201800-1024x768.jpg 1024w, https:\/\/alphabet-igny.fr\/wp-content\/uploads\/2026\/02\/IMG_20260206_201800-300x225.jpg 300w, https:\/\/alphabet-igny.fr\/wp-content\/uploads\/2026\/02\/IMG_20260206_201800-768x576.jpg 768w, https:\/\/alphabet-igny.fr\/wp-content\/uploads\/2026\/02\/IMG_20260206_201800-1536x1152.jpg 1536w, https:\/\/alphabet-igny.fr\/wp-content\/uploads\/2026\/02\/IMG_20260206_201800-2048x1536.jpg 2048w, https:\/\/alphabet-igny.fr\/wp-content\/uploads\/2026\/02\/IMG_20260206_201800-1x1.jpg 1w\" sizes=\"auto, (max-width: 1024px) 100vw, 1024px\" \/><figcaption class=\"wp-element-caption\">Repas 2026<\/figcaption><\/figure>\n\n\n\n<figure class=\"wp-block-image size-large\"><img loading=\"lazy\" decoding=\"async\" width=\"1024\" height=\"768\" data-id=\"1170\" src=\"https:\/\/alphabet-igny.fr\/wp-content\/uploads\/2025\/07\/IMG_4599a-1024x768.jpeg\" alt=\"\" class=\"wp-image-1170\" srcset=\"https:\/\/alphabet-igny.fr\/wp-content\/uploads\/2025\/07\/IMG_4599a-1024x768.jpeg 1024w, https:\/\/alphabet-igny.fr\/wp-content\/uploads\/2025\/07\/IMG_4599a-300x225.jpeg 300w, https:\/\/alphabet-igny.fr\/wp-content\/uploads\/2025\/07\/IMG_4599a-768x576.jpeg 768w, https:\/\/alphabet-igny.fr\/wp-content\/uploads\/2025\/07\/IMG_4599a-1536x1152.jpeg 1536w, https:\/\/alphabet-igny.fr\/wp-content\/uploads\/2025\/07\/IMG_4599a-2048x1536.jpeg 2048w, https:\/\/alphabet-igny.fr\/wp-content\/uploads\/2025\/07\/IMG_4599a-1x1.jpeg 1w\" sizes=\"auto, (max-width: 1024px) 100vw, 1024px\" \/><figcaption class=\"wp-element-caption\">rambouillet 2025<\/figcaption><\/figure>\n\n\n\n<figure class=\"wp-block-image size-large\"><img loading=\"lazy\" decoding=\"async\" width=\"1024\" height=\"768\" data-id=\"1066\" src=\"http:\/\/alphabet-igny.fr\/wp-content\/uploads\/2024\/06\/20240615_115838-1024x768.jpg\" alt=\"\" class=\"wp-image-1066\" srcset=\"https:\/\/alphabet-igny.fr\/wp-content\/uploads\/2024\/06\/20240615_115838-1024x768.jpg 1024w, https:\/\/alphabet-igny.fr\/wp-content\/uploads\/2024\/06\/20240615_115838-300x225.jpg 300w, https:\/\/alphabet-igny.fr\/wp-content\/uploads\/2024\/06\/20240615_115838-768x576.jpg 768w, https:\/\/alphabet-igny.fr\/wp-content\/uploads\/2024\/06\/20240615_115838-1536x1152.jpg 1536w, https:\/\/alphabet-igny.fr\/wp-content\/uploads\/2024\/06\/20240615_115838-2048x1536.jpg 2048w, https:\/\/alphabet-igny.fr\/wp-content\/uploads\/2024\/06\/20240615_115838-1x1.jpg 1w\" sizes=\"auto, (max-width: 1024px) 100vw, 1024px\" \/><figcaption class=\"wp-element-caption\">breteuil 2024<\/figcaption><\/figure>\n\n\n\n<figure class=\"wp-block-image size-large\"><img loading=\"lazy\" decoding=\"async\" width=\"768\" height=\"1024\" data-id=\"1172\" src=\"https:\/\/alphabet-igny.fr\/wp-content\/uploads\/2025\/07\/IMG_4547a-768x1024.jpeg\" alt=\"\" class=\"wp-image-1172\" srcset=\"https:\/\/alphabet-igny.fr\/wp-content\/uploads\/2025\/07\/IMG_4547a-768x1024.jpeg 768w, https:\/\/alphabet-igny.fr\/wp-content\/uploads\/2025\/07\/IMG_4547a-225x300.jpeg 225w, https:\/\/alphabet-igny.fr\/wp-content\/uploads\/2025\/07\/IMG_4547a-1152x1536.jpeg 1152w, https:\/\/alphabet-igny.fr\/wp-content\/uploads\/2025\/07\/IMG_4547a-1536x2048.jpeg 1536w, https:\/\/alphabet-igny.fr\/wp-content\/uploads\/2025\/07\/IMG_4547a-1x1.jpeg 1w, https:\/\/alphabet-igny.fr\/wp-content\/uploads\/2025\/07\/IMG_4547a-scaled.jpeg 1920w\" sizes=\"auto, (max-width: 768px) 100vw, 768px\" \/><figcaption class=\"wp-element-caption\">rambouillet 2025<\/figcaption><\/figure>\n\n\n\n<figure class=\"wp-block-image size-large\"><img loading=\"lazy\" decoding=\"async\" width=\"1024\" height=\"768\" data-id=\"1196\" src=\"http:\/\/alphabet-igny.fr\/wp-content\/uploads\/2026\/02\/IMG_2037-1024x768.jpg\" alt=\"\" class=\"wp-image-1196\" srcset=\"https:\/\/alphabet-igny.fr\/wp-content\/uploads\/2026\/02\/IMG_2037-1024x768.jpg 1024w, https:\/\/alphabet-igny.fr\/wp-content\/uploads\/2026\/02\/IMG_2037-300x225.jpg 300w, https:\/\/alphabet-igny.fr\/wp-content\/uploads\/2026\/02\/IMG_2037-768x576.jpg 768w, https:\/\/alphabet-igny.fr\/wp-content\/uploads\/2026\/02\/IMG_2037-1536x1152.jpg 1536w, https:\/\/alphabet-igny.fr\/wp-content\/uploads\/2026\/02\/IMG_2037-2048x1536.jpg 2048w, https:\/\/alphabet-igny.fr\/wp-content\/uploads\/2026\/02\/IMG_2037-1x1.jpg 1w\" sizes=\"auto, (max-width: 1024px) 100vw, 1024px\" \/><figcaption class=\"wp-element-caption\">Repas2026<\/figcaption><\/figure>\n<\/figure>\n\n\n\n<h2 class=\"wp-block-heading\">T\u00e9moignages d\u2019\u00e9tudiants \u2013 Articles <\/h2>\n\n\n\n<h3 class=\"wp-block-heading\">Paru dans IGNY\u2019Magazine &#8211; N\u00b0 45 &#8211; Et\u00e9 2019<\/h3>\n\n\n\n<figure class=\"wp-block-image size-large is-resized\"><img loading=\"lazy\" decoding=\"async\" width=\"1024\" height=\"576\" src=\"https:\/\/alphabet-igny.fr\/wp-content\/uploads\/2025\/04\/ignymag2-1024x576.jpg\" alt=\"\" class=\"wp-image-1160\" style=\"width:759px;height:auto\" srcset=\"https:\/\/alphabet-igny.fr\/wp-content\/uploads\/2025\/04\/ignymag2-1024x576.jpg 1024w, https:\/\/alphabet-igny.fr\/wp-content\/uploads\/2025\/04\/ignymag2-300x169.jpg 300w, https:\/\/alphabet-igny.fr\/wp-content\/uploads\/2025\/04\/ignymag2-768x432.jpg 768w, https:\/\/alphabet-igny.fr\/wp-content\/uploads\/2025\/04\/ignymag2-1x1.jpg 1w, https:\/\/alphabet-igny.fr\/wp-content\/uploads\/2025\/04\/ignymag2.jpg 1280w\" sizes=\"auto, (max-width: 1024px) 100vw, 1024px\" \/><\/figure>\n\n\n\n<h3 class=\"wp-block-heading\">T\u00e9moignage d\u2019Agnieska, polonaise (03\/2025)<\/h3>\n\n\n\n<p>\u00ab Je m\u2019appelle Agnieska. Je suis arriv\u00e9e en France en 2018. Je ne parlais pas du tout le fran\u00e7ais. J\u2019ai trouv\u00e9 sur Internet le site d\u2019Alphabet Igny en 2019.<br>J\u2019ai commenc\u00e9 le cours avec Annie, la responsable et Solange.<br>Elles m\u2019ont donn\u00e9 toutes les 2, les bases et je leur dis merci.<br>Je travaillais aussi chez moi. Depuis j\u2019ai toujours suivi des cours de fran\u00e7ais et je continue \u00e0 faire des progr\u00e8s.<br>Merci \u00e0 tous les professeurs de m\u2019avoir appris \u00e0 lire, \u00e0 parler et \u00e0 \u00e9crire le fran\u00e7ais.<\/p>\n","protected":false},"excerpt":{"rendered":"<p>La communication, l\u2019entraide et le partage sont les ma\u00eetres-mots pour Alphabet-Igny. L\u2019association en quelques chiffres &#8211;Nombre de b\u00e9n\u00e9voles (enseignants, \u00e9crivains publics)&#8211;Nombre d\u2019\u00e9l\u00e8ves inscrits dans l\u2019ann\u00e9e&#8211;Heures d\u2019activit\u00e9s : nombre d\u2019heures effectu\u00e9es par les b\u00e9n\u00e9voles (enseignants, \u00e9crivains publics, fonctionnement) La progression de 2017 \u00e0 2021 a marqu\u00e9 une pause en 2021-2022 suite \u00e0 la Covid,tant pour les [&hellip;]<\/p>\n","protected":false},"author":1,"featured_media":0,"parent":0,"menu_order":3,"comment_status":"closed","ping_status":"closed","template":"full-width.php","meta":{"footnotes":""},"class_list":["post-1195","page","type-page","status-publish","hentry"],"_links":{"self":[{"href":"https:\/\/alphabet-igny.fr\/index.php?rest_route=\/wp\/v2\/pages\/1195","targetHints":{"allow":["GET"]}}],"collection":[{"href":"https:\/\/alphabet-igny.fr\/index.php?rest_route=\/wp\/v2\/pages"}],"about":[{"href":"https:\/\/alphabet-igny.fr\/index.php?rest_route=\/wp\/v2\/types\/page"}],"author":[{"embeddable":true,"href":"https:\/\/alphabet-igny.fr\/index.php?rest_route=\/wp\/v2\/users\/1"}],"replies":[{"embeddable":true,"href":"https:\/\/alphabet-igny.fr\/index.php?rest_route=%2Fwp%2Fv2%2Fcomments&post=1195"}],"version-history":[{"count":3,"href":"https:\/\/alphabet-igny.fr\/index.php?rest_route=\/wp\/v2\/pages\/1195\/revisions"}],"predecessor-version":[{"id":1202,"href":"https:\/\/alphabet-igny.fr\/index.php?rest_route=\/wp\/v2\/pages\/1195\/revisions\/1202"}],"wp:attachment":[{"href":"https:\/\/alphabet-igny.fr\/index.php?rest_route=%2Fwp%2Fv2%2Fmedia&parent=1195"}],"curies":[{"name":"wp","href":"https:\/\/api.w.org\/{rel}","templated":true}]}}