{"id":1163,"date":"2025-05-07T17:41:50","date_gmt":"2025-05-07T15:41:50","guid":{"rendered":"https:\/\/alphabet-igny.fr\/?page_id=1163"},"modified":"2025-09-24T17:19:45","modified_gmt":"2025-09-24T15:19:45","slug":"accueil-mai-2025","status":"publish","type":"page","link":"https:\/\/alphabet-igny.fr\/","title":{"rendered":"Accueil mai 2025"},"content":{"rendered":"\n<p style=\"font-size:34px;line-height:35pt;text-align:center\" class=\"texte-accueil\">Vous souhaitez apprendre le fran\u00e7ais ou d\u00e9velopper votre pratique du fran\u00e7ais ?<br>Vous souhaitez vous faire aider pour r\u00e9diger un document ?<\/p>\n\n\n\n<p style=\"font-size:34px;line-height:35pt;text-align:center\" class=\"texte-accueil\">Alors, bienvenue sur notre site !<\/p>\n\n\n<div class=\"wp-block-image image-accueil\">\n<figure class=\"aligncenter size-large is-resized\"><img loading=\"lazy\" decoding=\"async\" width=\"1024\" height=\"865\" src=\"https:\/\/alphabet-igny.fr\/wp-content\/uploads\/2024\/09\/stand2024-1024x865.jpg\" alt=\"\" class=\"wp-image-1096\" style=\"aspect-ratio:1.5;width:456px;height:auto\" srcset=\"https:\/\/alphabet-igny.fr\/wp-content\/uploads\/2024\/09\/stand2024-1024x865.jpg 1024w, https:\/\/alphabet-igny.fr\/wp-content\/uploads\/2024\/09\/stand2024-300x253.jpg 300w, https:\/\/alphabet-igny.fr\/wp-content\/uploads\/2024\/09\/stand2024-768x648.jpg 768w, https:\/\/alphabet-igny.fr\/wp-content\/uploads\/2024\/09\/stand2024-1536x1297.jpg 1536w, https:\/\/alphabet-igny.fr\/wp-content\/uploads\/2024\/09\/stand2024-2048x1729.jpg 2048w, https:\/\/alphabet-igny.fr\/wp-content\/uploads\/2024\/09\/stand2024-1x1.jpg 1w\" sizes=\"auto, (max-width: 1024px) 100vw, 1024px\" \/><\/figure>\n<\/div>\n\n\n<p style=\"font-size:20px;line-height:20pt;class=\" texte-accueil\"=\"\">\n<\/p><div class=\"cadre-annonce\"><p><strong>ACTUALITES <\/strong>(mai 2025)<\/p><strong><\/strong><p><strong>\n<\/strong><\/p><ul><li><strong>Ecrivains Publics<\/strong><br>&nbsp; tous les mardis de chaque mois de &nbsp;14:00 \u00e0 17:00&nbsp;&nbsp;&nbsp;au Patio\n<br><p><\/p><\/li>\n<li><strong>cours alphab\u00e9tisation <\/strong>&nbsp;&nbsp;&nbsp;&nbsp;<\/li>&nbsp;&nbsp;&nbsp; 15 rue Jules Ferry (salle langevin) <br>&nbsp;&nbsp;&nbsp;&nbsp;6\/8 rue du Docteur Schweitzer (sous-sol &nbsp;par rampe ext\u00e9rieure)<br> <br>\n<li><strong>24\/05\/2025<\/strong>&nbsp; : sortie annuelle avec pique nique au chateau de Rambouillet<\/li>\n<li><strong>06\/09\/2025<\/strong>&nbsp; : forum des associations<\/li>\n<li><strong>08\/09\/2025<\/strong>&nbsp; : inscriptions rentr\u00e9e Joliot Curie 17:00 \u00e0 19:00<\/li>\n<li><strong>09\/09\/2025<\/strong>&nbsp; : inscriptions rentr\u00e9e Schweitzer 10:00 \u00e0 12:00<\/li>\n<li><strong>12\/09\/2025<\/strong>&nbsp; : r\u00e9union pr\u00e9 rentr\u00e9e au patio 18:00<\/li>\n&nbsp;&nbsp;&nbsp;\n<\/ul><\/div>\n\n\n\n<div class=\"cadre-annonce\"><p><strong><\/strong><\/p><p class=\"centrer\"><strong>Rejoignez notre \u00e9quipe<\/strong><\/p><ul><p>Vous voulez partager vos connaissances de la langue fran\u00e7aise et int\u00e9grer notre \u00e9quipe d&rsquo;enseignants b\u00e9n\u00e9voles (qui n&rsquo;ont pas tous \u00e9t\u00e9 enseignants), alors prenez contact, d\u00e8s \u00e0 pr\u00e9sent, avec l&rsquo;association. Vous voulez rejoindre notre groupe d&rsquo;\u00e9crivains publics (1 mardi apr\u00e8s-midi par mois) contactez notre association<\/p><\/ul><\/div>\n\n\n\n<p><strong>Alphabet-Igny<\/strong>&nbsp;a pour missions :<\/p>\n\n\n\n<ul class=\"wp-block-list\">\n<li>l\u2019apprentissage de la langue fran\u00e7aise aux adultes et le d\u00e9veloppement de leurs connaissances \u00e9l\u00e9mentaires, afin de favoriser l\u2019insertion et les \u00e9changes ;<\/li>\n<\/ul>\n\n\n\n<ul class=\"wp-block-list\">\n<li> l\u2019aide \u00e0 l\u2019\u00e9criture, \u00e0 la r\u00e9daction de courriers, au remplissage de formulaires.<\/li>\n<\/ul>\n\n\n\n<p>Fond\u00e9e en 2011, Alphabet-Igny est une association loi de 1901 \u00e0 but non lucratif.<br>\nVous pouvez contribuer \u00e0 la vie de l\u2019association :<\/p>\n\n\n\n<ul class=\"wp-block-list\">\n<li>en devenant b\u00e9n\u00e9vole : enseignant, \u00e9crivain public,<\/li>\n\n\n\n<li>en faisant un don \u00e9ligible aux r\u00e9ductions d\u2019imp\u00f4ts, l\u2019association \u00e9tant reconnue d\u2019int\u00e9r\u00eat g\u00e9n\u00e9ral.<\/li>\n<\/ul>\n\n\n\n<p class=\"devenir-enseignant bouton\">&nbsp;<a href=\"http:\/\/alphabet-igny.fr\/?page_id=525\" data-type=\"page\" data-id=\"525\">Devenez b\u00e9n\u00e9vole<\/a><\/p>\n\n\n\n<p class=\"faire-don bouton\"><a href=\"http:\/\/alphabet-igny.fr\/?page_id=525\" data-type=\"page\" data-id=\"525\">Faites un don<\/a><\/p>\n\n\n\n<p><\/p>\n\n\n","protected":false},"excerpt":{"rendered":"<p>Vous souhaitez apprendre le fran\u00e7ais ou d\u00e9velopper votre pratique du fran\u00e7ais ?Vous souhaitez vous faire aider pour r\u00e9diger un document ? Alors, bienvenue sur notre site !<\/p>\n","protected":false},"author":1,"featured_media":0,"parent":0,"menu_order":0,"comment_status":"closed","ping_status":"closed","template":"full-width.php","meta":{"footnotes":""},"class_list":["post-1163","page","type-page","status-publish","hentry"],"_links":{"self":[{"href":"https:\/\/alphabet-igny.fr\/index.php?rest_route=\/wp\/v2\/pages\/1163","targetHints":{"allow":["GET"]}}],"collection":[{"href":"https:\/\/alphabet-igny.fr\/index.php?rest_route=\/wp\/v2\/pages"}],"about":[{"href":"https:\/\/alphabet-igny.fr\/index.php?rest_route=\/wp\/v2\/types\/page"}],"author":[{"embeddable":true,"href":"https:\/\/alphabet-igny.fr\/index.php?rest_route=\/wp\/v2\/users\/1"}],"replies":[{"embeddable":true,"href":"https:\/\/alphabet-igny.fr\/index.php?rest_route=%2Fwp%2Fv2%2Fcomments&post=1163"}],"version-history":[{"count":5,"href":"https:\/\/alphabet-igny.fr\/index.php?rest_route=\/wp\/v2\/pages\/1163\/revisions"}],"predecessor-version":[{"id":1190,"href":"https:\/\/alphabet-igny.fr\/index.php?rest_route=\/wp\/v2\/pages\/1163\/revisions\/1190"}],"wp:attachment":[{"href":"https:\/\/alphabet-igny.fr\/index.php?rest_route=%2Fwp%2Fv2%2Fmedia&parent=1163"}],"curies":[{"name":"wp","href":"https:\/\/api.w.org\/{rel}","templated":true}]}}